{"id":513,"date":"2016-05-11T13:48:44","date_gmt":"2016-05-11T13:48:44","guid":{"rendered":"http:\/\/wpoffice\/enfold-fitness\/?page_id=513"},"modified":"2022-09-05T08:58:51","modified_gmt":"2022-09-05T06:58:51","slug":"contact-2","status":"publish","type":"page","link":"https:\/\/miageconsulting.com\/index.php\/contact-2\/","title":{"rendered":"Contact"},"content":{"rendered":"<div id='av_section_1' class='avia-section alternate_color avia-section-huge avia-no-border-styling av-section-color-overlay-active avia-bg-style-fixed  avia-builder-el-0  el_before_av_section  avia-builder-el-first   container_wrap sidebar_right' style=' '  ><div class='av-section-color-overlay-wrap'><div class='av-section-color-overlay' style='opacity: 0.8; background-color: #000000; '><\/div><div class='container' ><main  role=\"main\" itemprop=\"mainContentOfPage\"  class='template-page content  av-content-small alpha units'><div class='post-entry post-entry-type-page post-entry-513'><div class='entry-content-wrapper clearfix'>\n<div class=\"flex_column av_three_fifth  flex_column_div av-zero-column-padding first  avia-builder-el-1  el_before_av_two_fifth  avia-builder-el-first  \" style='border-radius:0px; '><p><div style='padding-bottom:20px; font-size:50px;' class='av-special-heading av-special-heading-h1  blockquote modern-quote modern-centered  avia-builder-el-2  el_before_av_contact  avia-builder-el-first   av-thin-font av-inherit-size '><h1 class='av-special-heading-tag '  itemprop=\"headline\"  >Nous contacter<strong>.<\/strong><\/h1><div class='special-heading-border'><div class='special-heading-inner-border' ><\/div><\/div><\/div><br \/>\n<form action=\"https:\/\/miageconsulting.com\/index.php\/contact-2\/\" method=\"post\"  class=\"avia_ajax_form av-form-recaptcha av-form-labels-style av-form-input-visible av-form-labels-hidden   avia-builder-el-3  el_after_av_heading  avia-builder-el-last  av-custom-form-color av-light-form \" data-avia-form-id=\"1\" data-avia-redirect=''><fieldset><input type=\"hidden\" name=\"avia_1_1\" id=\"avia_1_1\" value=\"8de3dc17a93b72d60a2b49c591dccd9b\" \/><p class=' first_form  form_element form_element_half' id='element_avia_2_1'> <input name=\"avia_2_1\" class=\"text_input is_empty\" type=\"text\" id=\"avia_2_1\" value=\"\"  placeholder='Nom*'\/><\/p><p class=' form_element form_element_half' id='element_avia_3_1'> <input name=\"avia_3_1\" class=\"text_input is_email\" type=\"text\" id=\"avia_3_1\" value=\"\"  placeholder='E-Mail*'\/><\/p><p class=' first_form  form_element form_fullwidth' id='element_avia_4_1'> <input name=\"avia_4_1\" class=\"text_input \" type=\"text\" id=\"avia_4_1\" value=\"\"  placeholder='Entreprise'\/><\/p><p class=' first_form  form_element form_fullwidth' id='element_avia_5_1'>\t <textarea  placeholder='Message*' name=\"avia_5_1\" class=\"text_area is_empty\" cols=\"40\" rows=\"7\" id=\"avia_5_1\" ><\/textarea><\/p><p class=\"hidden\"><input type=\"text\" name=\"avia_6_1\" class=\"hidden \" id=\"avia_6_1\" value=\"\" \/><\/p><p class='' id='element_avia_7_1'>    <span class='value_verifier_label'>8 + 0 = ?<\/span>    <input name=\"avia_7_1_verifier\" type=\"hidden\" id=\"avia_7_1_verifier\" value=\"638283742\"\/><label for=\"avia_7_1\">Si prega di risolvere la semplice equazione <abbr class=\"required\" title=\"richiesto\">*<\/abbr><\/label>    <input name=\"avia_7_1\" class=\"text_input captcha\" type=\"text\" id=\"avia_7_1\" value=\"\"\/><\/p><p class=\"form_element \"><input type=\"hidden\" value=\"1\" name=\"avia_generated_form1\" \/><input type=\"submit\" value=\"Envoyer\" class=\"button\"  disabled=disabled data-sitekey=6Lfrh1IiAAAAAJSfDF3ZAXYS5MO0XG_R0lIQuuzi data-theme=light data-size=normal data-tabindex=1 data-callback=aviaRecaptchaSuccess data-expired-callback=aviaRecaptchaSuccess data-vn=v3 data-sending-label=\"Invio\"\/><\/p><\/fieldset><\/form><div id=\"ajaxresponse_1\" class=\"ajaxresponse ajaxresponse_1 hidden\"><\/div><\/p><\/div><div class=\"flex_column av_two_fifth  flex_column_div av-zero-column-padding   avia-builder-el-4  el_after_av_three_fifth  avia-builder-el-last  \" style='border-radius:0px; '><p><div style='padding-bottom:20px; font-size:50px;' class='av-special-heading av-special-heading-h1  blockquote modern-quote modern-centered  avia-builder-el-5  el_before_av_textblock  avia-builder-el-first   av-thin-font av-inherit-size '><h1 class='av-special-heading-tag '  itemprop=\"headline\"  >A votre \u00e9coute<strong> &#8230;<\/strong><\/h1><div class='special-heading-border'><div class='special-heading-inner-border' ><\/div><\/div><\/div><br \/>\n<section class=\"av_textblock_section \"  itemscope=\"itemscope\" itemtype=\"https:\/\/schema.org\/CreativeWork\" ><div class='avia_textblock  av_inherit_color '  style='color:#ffffff; '  itemprop=\"text\" ><p>Nous sommes \u00e0 votre disposition pour r\u00e9pondre \u00e0 toutes vos demandes d&#8217;information. Sur l&#8217;activit\u00e9 de Miage en France et en Italie, nos missions actuelles et pass\u00e9es, notre m\u00e9thodologie.<\/p>\n<p>Vous avez un projet en France ou en Italie d&#8217;implantation de votre activit\u00e9, vous \u00eates d\u00e9j\u00e0 pr\u00e9sent sur ce march\u00e9 mais vous souhaitez acc\u00e9l\u00e9rer votre d\u00e9veloppement? Parlons-en!<\/p>\n<\/div><\/section><\/p><\/div><\/div><\/div><\/main><!-- close content main element --><\/div><\/div><\/div><div id='av_section_2' class='avia-section main_color avia-section-large avia-no-border-styling avia-bg-style-scroll  avia-builder-el-7  el_after_av_section  avia-builder-el-last   container_wrap sidebar_right' style=' '  ><div class='container' ><div class='template-page content  av-content-small alpha units'><div class='post-entry post-entry-type-page post-entry-513'><div class='entry-content-wrapper clearfix'>\n<div style='padding-bottom:30px; font-size:70px;' class='av-special-heading av-special-heading-h1  blockquote modern-quote  avia-builder-el-8  el_before_av_one_half  avia-builder-el-first   av-thin-font av-inherit-size '><h1 class='av-special-heading-tag '  itemprop=\"headline\"  >Contact<strong>.<\/strong><\/h1><div class='special-heading-border'><div class='special-heading-inner-border' ><\/div><\/div><\/div>\n<div class=\"flex_column av_one_half  flex_column_div av-zero-column-padding first  avia-builder-el-9  el_after_av_heading  el_before_av_one_fourth  \" style='border-radius:0px; '><section class=\"av_textblock_section \"  itemscope=\"itemscope\" itemtype=\"https:\/\/schema.org\/CreativeWork\" ><div class='avia_textblock  '   itemprop=\"text\" ><p>Ecouter, comprendre, analyser la situation d&#8217;un client; r\u00e9fl\u00e9chir, organiser, offrir une solution concr\u00e8te \u00e0 ses attentes. <strong>Miage<\/strong> est \u00e0 votre disposition.<\/p>\n<\/div><\/section><\/div><div class=\"flex_column av_one_fourth  flex_column_div av-zero-column-padding   avia-builder-el-11  el_after_av_one_half  el_before_av_one_fourth  \" style='border-radius:0px; '><section class=\"av_textblock_section \"  itemscope=\"itemscope\" itemtype=\"https:\/\/schema.org\/CreativeWork\" ><div class='avia_textblock  '   itemprop=\"text\" ><p><strong>Miage SRLS<\/strong><br \/>\nVia Famagosta, 63<br \/>\n00192 Roma &#8211; Italia<\/p>\n<\/div><\/section><\/div><div class=\"flex_column av_one_fourth  flex_column_div av-zero-column-padding   avia-builder-el-13  el_after_av_one_fourth  avia-builder-el-last  \" style='border-radius:0px; '><section class=\"av_textblock_section \"  itemscope=\"itemscope\" itemtype=\"https:\/\/schema.org\/CreativeWork\" ><div class='avia_textblock  '   itemprop=\"text\" ><p><strong>Thierry Cros<\/strong><br \/>\ntcros@miageconsulting.com<br \/>\n+39 3395372450<\/p>\n<\/div><\/section><\/div>\n<\/div><\/div><\/div><!-- close content main div --><\/div><\/div><div id='after_section_2' class='main_color av_default_container_wrap container_wrap sidebar_right' style=' '  ><div class='container' ><div class='template-page content  av-content-small alpha units'><div class='post-entry post-entry-type-page post-entry-513'><div class='entry-content-wrapper clearfix'><\/p>\n","protected":false},"excerpt":{"rendered":"","protected":false},"author":1,"featured_media":0,"parent":0,"menu_order":0,"comment_status":"closed","ping_status":"closed","template":"","meta":{"footnotes":""},"_links":{"self":[{"href":"https:\/\/miageconsulting.com\/index.php\/wp-json\/wp\/v2\/pages\/513"}],"collection":[{"href":"https:\/\/miageconsulting.com\/index.php\/wp-json\/wp\/v2\/pages"}],"about":[{"href":"https:\/\/miageconsulting.com\/index.php\/wp-json\/wp\/v2\/types\/page"}],"author":[{"embeddable":true,"href":"https:\/\/miageconsulting.com\/index.php\/wp-json\/wp\/v2\/users\/1"}],"replies":[{"embeddable":true,"href":"https:\/\/miageconsulting.com\/index.php\/wp-json\/wp\/v2\/comments?post=513"}],"version-history":[{"count":15,"href":"https:\/\/miageconsulting.com\/index.php\/wp-json\/wp\/v2\/pages\/513\/revisions"}],"predecessor-version":[{"id":1306,"href":"https:\/\/miageconsulting.com\/index.php\/wp-json\/wp\/v2\/pages\/513\/revisions\/1306"}],"wp:attachment":[{"href":"https:\/\/miageconsulting.com\/index.php\/wp-json\/wp\/v2\/media?parent=513"}],"curies":[{"name":"wp","href":"https:\/\/api.w.org\/{rel}","templated":true}]}}